{"id":28142,"date":"2021-12-02T13:53:58","date_gmt":"2021-12-02T12:53:58","guid":{"rendered":"http:\/\/iordel.com\/?page_id=28142"},"modified":"2022-12-26T10:10:10","modified_gmt":"2022-12-26T09:10:10","slug":"legal-notice","status":"publish","type":"page","link":"https:\/\/iordel.com\/es\/legal-notice\/","title":{"rendered":"Aviso Legal"},"content":{"rendered":"<div class=\"fusion-fullwidth fullwidth-box fusion-builder-row-1 fusion-flex-container nonhundred-percent-fullwidth non-hundred-percent-height-scrolling\" style=\"--awb-border-radius-top-left:0px;--awb-border-radius-top-right:0px;--awb-border-radius-bottom-right:0px;--awb-border-radius-bottom-left:0px;--awb-flex-wrap:wrap;\" ><div class=\"fusion-builder-row fusion-row fusion-flex-align-items-flex-start fusion-flex-content-wrap\" style=\"max-width:1216.8px;margin-left: calc(-4% \/ 2 );margin-right: calc(-4% \/ 2 );\"><div class=\"fusion-layout-column fusion_builder_column fusion-builder-column-0 fusion_builder_column_1_1 1_1 fusion-flex-column\" style=\"--awb-bg-size:cover;--awb-width-large:100%;--awb-margin-top-large:20px;--awb-spacing-right-large:1.92%;--awb-margin-bottom-large:20px;--awb-spacing-left-large:1.92%;--awb-width-medium:100%;--awb-order-medium:0;--awb-spacing-right-medium:1.92%;--awb-spacing-left-medium:1.92%;--awb-width-small:100%;--awb-order-small:0;--awb-spacing-right-small:1.92%;--awb-spacing-left-small:1.92%;\"><div class=\"fusion-column-wrapper fusion-column-has-shadow fusion-flex-justify-content-flex-start fusion-content-layout-column\"><div class=\"fusion-text fusion-text-1\" style=\"--awb-text-transform:none;\"><h1>Aviso Legal<\/h1>\n<h2>DUE\u00d1O DEL SITIO WEB<\/h2>\n<p>El presente aviso legal recoge las condiciones generales de acceso y uso del dominio http:\/\/iordel.com, titularidad de <span style=\"color: #ff0000;\">&#8211;\u00a0\u00a0 SLU &#8212;<\/span> y domiciliado en <span style=\"color: #ff0000;\">Direcci\u00f3n<\/span><\/p>\n<h2>USO DE LA WEB<\/h2>\n<p>El acceso y uso de la Web atribuye la condici\u00f3n de Usuario del portal, e implica la aceptaci\u00f3n plena y sin reservas de todas y cada una de las condiciones incluidas en este Aviso Legal.<br \/>\nEl Usuario se compromete a hacer un uso correcto del Portal de acuerdo con la Ley 34\/2002, de 11 de julio, LSSICE y el presente Aviso Legal y responder\u00e1 de los da\u00f1os y perjuicios que pudieran causarse como consecuencia del incumplimiento de dicha obligaci\u00f3n.<br \/>\nQueda expresamente prohibido utilizar el Portal con fines lesivos o utilizar dichos servicios y contenidos de forma contraria a la legislaci\u00f3n aplicable, o utilizarlos para actividades il\u00edcitas, contrarias a la buena fe o al orden p\u00fablico.<\/p>\n<h2>MODIFICACIONES AL PRESENTE AVISO LEGAL<\/h2>\n<p>iordel.com se reserva el derecho a modificar el presente aviso para adaptarlo a novedades legislativas o jurisprudenciales as\u00ed como a modificaciones o pr\u00e1cticas de la empresa.<\/p>\n<p>Al visitar y utilizar este sitio web usted acepta que su titular se reserva el derecho de modificar, actualizar o suspender las p\u00e1ginas disponibles, el sitio web, o borrar temporal o definitivamente los datos que le ha ofrecido, en cualquier momento, sin previo aviso. aviso y sin ning\u00fan tipo de responsabilidad con los usuarios.<\/p>\n<p>Con los l\u00edmites establecidos en la Ley, <span style=\"color: #ff0000;\">nombre de empresa<\/span> <span style=\"color: #ff0000;\">SLU negocio n\u00fam<\/span> no asume ninguna responsabilidad derivada de la falta de actualizaci\u00f3n y precisi\u00f3n de los datos o informaciones contenidas en sus p\u00e1ginas de Internet.<\/p>\n<h2>CONTENIDO Y ENLACES WEB<\/h2>\n<p>Los contenidos de este sitio web tienen como finalidad proporcionar informaci\u00f3n clara y gratuita a los usuarios sobre la propia entidad y sobre sus productos y los servicios que presta a sus clientes, as\u00ed como realizar cualquier consulta t\u00e9cnica que se establezca al efecto con el usuario. . del portal.<\/p>\n<p>iordel.com ofrece a los usuarios la posibilidad de realizar consultas a trav\u00e9s del sitio web.<br \/>\niordel.com no se responsabiliza del mal uso que se realice de los contenidos de la Web, siendo exclusiva responsabilidad del Usuario que accede a ellos o los utiliza.<\/p>\n<h2>PROPIEDAD INTELECTUAL<\/h2>\n<p>Todos los derechos de propiedad intelectual del contenido de esta p\u00e1gina Web, su dise\u00f1o gr\u00e1fico y sus c\u00f3digos fuente, son titularidad exclusiva de iordel.com correspondiendo al ejercicio exclusivo de los derechos de explotaci\u00f3n de los mismos, sin que pueda entenderse que el acceso al Portal les atribuye cualquier derecho.<\/p>\n<p>Su reproducci\u00f3n, distribuci\u00f3n, comunicaci\u00f3n p\u00fablica y transformaci\u00f3n, total o parcial, sin la autorizaci\u00f3n expresa de <span style=\"color: #ff0000;\">Arte Caballero, SLU -4<\/span> esta prohibido. Asimismo, todos los nombres comerciales, marcas o signos distintos de cualquier tipo contenidos en este sitio web est\u00e1n protegidos por ley.<\/p>\n<h2>USO DEL SERVICIO Y RESPONSABILIDADES<\/h2>\n<p>Las condiciones de acceso y uso de este sitio web se rigen estrictamente por la legislaci\u00f3n vigente y por el principio de buena fe, comprometi\u00e9ndose el usuario a hacer un buen uso del sitio web y de los servicios ofrecidos.<\/p>\n<p>Quedan prohibidos todos los actos que vulneren la legalidad, derechos o intereses de terceros, prohibi\u00e9ndose expresamente:<\/p>\n<p>Realizar acciones que puedan producir en oa trav\u00e9s de la web y por cualquier medio alg\u00fan tipo de da\u00f1o en los sistemas de Vitahomes.es o de terceros.<br \/>\nRealizar publicidad o informaci\u00f3n comercial de forma directa o encubierta, haciendo spam (env\u00edo de mails masivos) o enviando mensajes de gran tama\u00f1o con el fin de bloquear servidores de red (mail bombing). Vitahomes.es no puede asumir ninguna responsabilidad derivada del uso incorrecto, inapropiado o il\u00edcito de la informaci\u00f3n que aparece en las p\u00e1ginas de Internet de Vitahomes.es<br \/>\nVitahomes.es declina toda responsabilidad en el caso de que el acceso o las visitas a su sitio web se vean impedidos u obstaculizados por una interrupci\u00f3n o mal suministro del suministro el\u00e9ctrico, tel\u00e9fono u otros proveedores de telecomunicaciones ajenos a Vitahomes.es o en el caso de conflictos sociales u otros casos de fuerza mayor, o cualquier actuaci\u00f3n de un tercero, incluidos requerimientos u \u00f3rdenes administrativas o judiciales, sabotajes o saturaciones, intencionales o no.<br \/>\nTambi\u00e9n se declina cualquier responsabilidad derivada de los da\u00f1os que el visitante pueda sufrir en su ordenador o medio telem\u00e1tico como consecuencia de la producci\u00f3n de cualquiera de las circunstancias anteriormente expuestas.<\/p>\n<h2>JURISDICCI\u00d3N Y LEY APLICABLE<\/h2>\n<p>El presente aviso legal y las condiciones generales se rigen por la ley espa\u00f1ola. El usuario acepta estos T\u00e9rminos de Uso, y cualquier tipo de controversia relacionada con el uso de este sitio web, ser\u00e1 interpretada de acuerdo con las leyes vigentes en el lugar de residencia del titular de este sitio web, teniendo jurisdicci\u00f3n para resolver cualquier disputa o Conflicto que pudiera surgir en los Juzgados y Tribunales competentes dentro del territorio espa\u00f1ol, renunciando expresamente el usuario a cualquier otro fuero.<\/p>\n<p>Asimismo, todos los nombres comerciales, marcas o signos distintos de cualquier tipo contenidos en este sitio web est\u00e1n protegidos por ley.<\/p>\n<\/div><\/div><\/div><\/div><\/div>","protected":false},"excerpt":{"rendered":"","protected":false},"author":3,"featured_media":0,"parent":0,"menu_order":0,"comment_status":"closed","ping_status":"closed","template":"","meta":{"footnotes":""},"class_list":["post-28142","page","type-page","status-publish","hentry"],"yoast_head":"<!-- This site is optimized with the Yoast SEO plugin v27.2 - https:\/\/yoast.com\/product\/yoast-seo-wordpress\/ -->\n<title>Legal Notice - Arte Caballero<\/title>\n<meta name=\"description\" content=\"-\" \/>\n<meta name=\"robots\" content=\"index, follow, max-snippet:-1, max-image-preview:large, max-video-preview:-1\" \/>\n<link rel=\"canonical\" href=\"https:\/\/iordel.com\/es\/legal-notice\/\" \/>\n<meta property=\"og:locale\" content=\"es_ES\" \/>\n<meta property=\"og:type\" content=\"article\" \/>\n<meta property=\"og:title\" content=\"Legal Notice - Arte Caballero\" \/>\n<meta property=\"og:description\" content=\"-\" \/>\n<meta property=\"og:url\" content=\"https:\/\/iordel.com\/es\/legal-notice\/\" \/>\n<meta property=\"og:site_name\" content=\"Arte Caballero\" \/>\n<meta property=\"article:publisher\" content=\"https:\/\/www.facebook.com\/arte.jorge.caballero\" \/>\n<meta property=\"article:modified_time\" content=\"2022-12-26T09:10:10+00:00\" \/>\n<meta property=\"og:image\" content=\"https:\/\/iordel.com\/wp-content\/uploads\/2021\/02\/Serenata-del-estrecho--Arte-Cabalero-iordel-web.jpg\" \/>\n\t<meta property=\"og:image:width\" content=\"1200\" \/>\n\t<meta property=\"og:image:height\" content=\"866\" \/>\n\t<meta property=\"og:image:type\" content=\"image\/jpeg\" \/>\n<meta name=\"twitter:card\" content=\"summary_large_image\" \/>\n<meta name=\"twitter:label1\" content=\"Tiempo de lectura\" \/>\n\t<meta name=\"twitter:data1\" content=\"5 minutos\" \/>\n<script type=\"application\/ld+json\" class=\"yoast-schema-graph\">{\"@context\":\"https:\/\/schema.org\",\"@graph\":[{\"@type\":\"WebPage\",\"@id\":\"https:\/\/iordel.com\/legal-notice\/\",\"url\":\"https:\/\/iordel.com\/legal-notice\/\",\"name\":\"Legal Notice - Arte Caballero\",\"isPartOf\":{\"@id\":\"https:\/\/iordel.com\/es\/#website\"},\"datePublished\":\"2021-12-02T12:53:58+00:00\",\"dateModified\":\"2022-12-26T09:10:10+00:00\",\"description\":\"-\",\"breadcrumb\":{\"@id\":\"https:\/\/iordel.com\/legal-notice\/#breadcrumb\"},\"inLanguage\":\"es\",\"potentialAction\":[{\"@type\":\"ReadAction\",\"target\":[\"https:\/\/iordel.com\/legal-notice\/\"]}]},{\"@type\":\"BreadcrumbList\",\"@id\":\"https:\/\/iordel.com\/legal-notice\/#breadcrumb\",\"itemListElement\":[{\"@type\":\"ListItem\",\"position\":1,\"name\":\"Home\",\"item\":\"https:\/\/iordel.com\/\"},{\"@type\":\"ListItem\",\"position\":2,\"name\":\"Legal Notice\"}]},{\"@type\":\"WebSite\",\"@id\":\"https:\/\/iordel.com\/es\/#website\",\"url\":\"https:\/\/iordel.com\/es\/\",\"name\":\"Arte Caballero\",\"description\":\"iordel - Jorge Caballero\",\"publisher\":{\"@id\":\"https:\/\/iordel.com\/es\/#organization\"},\"potentialAction\":[{\"@type\":\"SearchAction\",\"target\":{\"@type\":\"EntryPoint\",\"urlTemplate\":\"https:\/\/iordel.com\/es\/?s={search_term_string}\"},\"query-input\":{\"@type\":\"PropertyValueSpecification\",\"valueRequired\":true,\"valueName\":\"search_term_string\"}}],\"inLanguage\":\"es\"},{\"@type\":\"Organization\",\"@id\":\"https:\/\/iordel.com\/es\/#organization\",\"name\":\"Arte Caballero\",\"url\":\"https:\/\/iordel.com\/es\/\",\"logo\":{\"@type\":\"ImageObject\",\"inLanguage\":\"es\",\"@id\":\"https:\/\/iordel.com\/es\/#\/schema\/logo\/image\/\",\"url\":\"https:\/\/i0.wp.com\/iordel.com\/wp-content\/uploads\/2021\/04\/arte-Caballero-iordel-logo-retina.jpg?fit=342%2C70&ssl=1\",\"contentUrl\":\"https:\/\/i0.wp.com\/iordel.com\/wp-content\/uploads\/2021\/04\/arte-Caballero-iordel-logo-retina.jpg?fit=342%2C70&ssl=1\",\"width\":342,\"height\":70,\"caption\":\"Arte Caballero\"},\"image\":{\"@id\":\"https:\/\/iordel.com\/es\/#\/schema\/logo\/image\/\"},\"sameAs\":[\"https:\/\/www.facebook.com\/arte.jorge.caballero\",\"https:\/\/www.instagram.com\/arte.caballero\/\",\"https:\/\/www.youtube.com\/channel\/UCAqvOIzHCnEYXS-g4_CoqIQ\"]}]}<\/script>\n<!-- \/ Yoast SEO plugin. -->","yoast_head_json":{"title":"Legal Notice - Arte Caballero","description":"-","robots":{"index":"index","follow":"follow","max-snippet":"max-snippet:-1","max-image-preview":"max-image-preview:large","max-video-preview":"max-video-preview:-1"},"canonical":"https:\/\/iordel.com\/es\/legal-notice\/","og_locale":"es_ES","og_type":"article","og_title":"Legal Notice - Arte Caballero","og_description":"-","og_url":"https:\/\/iordel.com\/es\/legal-notice\/","og_site_name":"Arte Caballero","article_publisher":"https:\/\/www.facebook.com\/arte.jorge.caballero","article_modified_time":"2022-12-26T09:10:10+00:00","og_image":[{"width":1200,"height":866,"url":"https:\/\/iordel.com\/wp-content\/uploads\/2021\/02\/Serenata-del-estrecho--Arte-Cabalero-iordel-web.jpg","type":"image\/jpeg"}],"twitter_card":"summary_large_image","twitter_misc":{"Tiempo de lectura":"5 minutos"},"schema":{"@context":"https:\/\/schema.org","@graph":[{"@type":"WebPage","@id":"https:\/\/iordel.com\/legal-notice\/","url":"https:\/\/iordel.com\/legal-notice\/","name":"Legal Notice - Arte Caballero","isPartOf":{"@id":"https:\/\/iordel.com\/es\/#website"},"datePublished":"2021-12-02T12:53:58+00:00","dateModified":"2022-12-26T09:10:10+00:00","description":"-","breadcrumb":{"@id":"https:\/\/iordel.com\/legal-notice\/#breadcrumb"},"inLanguage":"es","potentialAction":[{"@type":"ReadAction","target":["https:\/\/iordel.com\/legal-notice\/"]}]},{"@type":"BreadcrumbList","@id":"https:\/\/iordel.com\/legal-notice\/#breadcrumb","itemListElement":[{"@type":"ListItem","position":1,"name":"Home","item":"https:\/\/iordel.com\/"},{"@type":"ListItem","position":2,"name":"Legal Notice"}]},{"@type":"WebSite","@id":"https:\/\/iordel.com\/es\/#website","url":"https:\/\/iordel.com\/es\/","name":"Arte Caballero","description":"iordel - Jorge Caballero","publisher":{"@id":"https:\/\/iordel.com\/es\/#organization"},"potentialAction":[{"@type":"SearchAction","target":{"@type":"EntryPoint","urlTemplate":"https:\/\/iordel.com\/es\/?s={search_term_string}"},"query-input":{"@type":"PropertyValueSpecification","valueRequired":true,"valueName":"search_term_string"}}],"inLanguage":"es"},{"@type":"Organization","@id":"https:\/\/iordel.com\/es\/#organization","name":"Arte Caballero","url":"https:\/\/iordel.com\/es\/","logo":{"@type":"ImageObject","inLanguage":"es","@id":"https:\/\/iordel.com\/es\/#\/schema\/logo\/image\/","url":"https:\/\/i0.wp.com\/iordel.com\/wp-content\/uploads\/2021\/04\/arte-Caballero-iordel-logo-retina.jpg?fit=342%2C70&ssl=1","contentUrl":"https:\/\/i0.wp.com\/iordel.com\/wp-content\/uploads\/2021\/04\/arte-Caballero-iordel-logo-retina.jpg?fit=342%2C70&ssl=1","width":342,"height":70,"caption":"Arte Caballero"},"image":{"@id":"https:\/\/iordel.com\/es\/#\/schema\/logo\/image\/"},"sameAs":["https:\/\/www.facebook.com\/arte.jorge.caballero","https:\/\/www.instagram.com\/arte.caballero\/","https:\/\/www.youtube.com\/channel\/UCAqvOIzHCnEYXS-g4_CoqIQ"]}]}},"_links":{"self":[{"href":"https:\/\/iordel.com\/es\/wp-json\/wp\/v2\/pages\/28142","targetHints":{"allow":["GET"]}}],"collection":[{"href":"https:\/\/iordel.com\/es\/wp-json\/wp\/v2\/pages"}],"about":[{"href":"https:\/\/iordel.com\/es\/wp-json\/wp\/v2\/types\/page"}],"author":[{"embeddable":true,"href":"https:\/\/iordel.com\/es\/wp-json\/wp\/v2\/users\/3"}],"replies":[{"embeddable":true,"href":"https:\/\/iordel.com\/es\/wp-json\/wp\/v2\/comments?post=28142"}],"version-history":[{"count":0,"href":"https:\/\/iordel.com\/es\/wp-json\/wp\/v2\/pages\/28142\/revisions"}],"wp:attachment":[{"href":"https:\/\/iordel.com\/es\/wp-json\/wp\/v2\/media?parent=28142"}],"curies":[{"name":"wp","href":"https:\/\/api.w.org\/{rel}","templated":true}]}}